{"id":265,"date":"2022-03-22T19:59:06","date_gmt":"2022-03-22T18:59:06","guid":{"rendered":"http:\/\/srjtplj.cluster031.hosting.ovh.net\/index.php\/home\/"},"modified":"2022-06-28T21:31:30","modified_gmt":"2022-06-28T19:31:30","slug":"home","status":"publish","type":"page","link":"https:\/\/alsace-photos-traditions.com\/index.php\/home\/","title":{"rendered":"Home"},"content":{"rendered":"\t\t<div data-elementor-type=\"wp-page\" data-elementor-id=\"265\" class=\"elementor elementor-265\">\n\t\t\t\t\t\t\t\t\t<section class=\"elementor-section elementor-top-section elementor-element elementor-element-3ae27e7 elementor-section-boxed elementor-section-height-default elementor-section-height-default\" data-id=\"3ae27e7\" data-element_type=\"section\">\n\t\t\t\t\t\t<div class=\"elementor-container elementor-column-gap-default\">\n\t\t\t\t\t<div class=\"elementor-column elementor-col-66 elementor-top-column elementor-element elementor-element-1c10f1e\" data-id=\"1c10f1e\" data-element_type=\"column\">\n\t\t\t<div class=\"elementor-widget-wrap elementor-element-populated\">\n\t\t\t\t\t\t\t\t<div class=\"elementor-element elementor-element-3a35c12 elementor-widget elementor-widget-heading\" data-id=\"3a35c12\" data-element_type=\"widget\" data-widget_type=\"heading.default\">\n\t\t\t\t<div class=\"elementor-widget-container\">\n\t\t\t<style>\/*! elementor - v3.6.7 - 03-07-2022 *\/\n.elementor-heading-title{padding:0;margin:0;line-height:1}.elementor-widget-heading .elementor-heading-title[class*=elementor-size-]>a{color:inherit;font-size:inherit;line-height:inherit}.elementor-widget-heading .elementor-heading-title.elementor-size-small{font-size:15px}.elementor-widget-heading .elementor-heading-title.elementor-size-medium{font-size:19px}.elementor-widget-heading .elementor-heading-title.elementor-size-large{font-size:29px}.elementor-widget-heading .elementor-heading-title.elementor-size-xl{font-size:39px}.elementor-widget-heading .elementor-heading-title.elementor-size-xxl{font-size:59px}<\/style><h2 class=\"elementor-heading-title elementor-size-default\">\ud83c\uddeb\ud83c\uddf7<\/h2>\t\t<\/div>\n\t\t\t\t<\/div>\n\t\t\t\t<div class=\"elementor-element elementor-element-2b36e29 elementor-widget elementor-widget-text-editor\" data-id=\"2b36e29\" data-element_type=\"widget\" data-widget_type=\"text-editor.default\">\n\t\t\t\t<div class=\"elementor-widget-container\">\n\t\t\t<style>\/*! elementor - v3.6.7 - 03-07-2022 *\/\n.elementor-widget-text-editor.elementor-drop-cap-view-stacked .elementor-drop-cap{background-color:#818a91;color:#fff}.elementor-widget-text-editor.elementor-drop-cap-view-framed .elementor-drop-cap{color:#818a91;border:3px solid;background-color:transparent}.elementor-widget-text-editor:not(.elementor-drop-cap-view-default) .elementor-drop-cap{margin-top:8px}.elementor-widget-text-editor:not(.elementor-drop-cap-view-default) .elementor-drop-cap-letter{width:1em;height:1em}.elementor-widget-text-editor .elementor-drop-cap{float:left;text-align:center;line-height:1;font-size:50px}.elementor-widget-text-editor .elementor-drop-cap-letter{display:inline-block}<\/style>\t\t\t\t<p><strong>Chers visiteurs et amis de la belle image,<\/strong><\/p><p><strong>Mon site se veut avant tout \u00eatre une vitrine de ma r\u00e9gion natale, la belle Alsace, que je sillonne inlassablement depuis de nombreuses ann\u00e9es, \u00e0 la recherche de lieux, d\u2019ambiances lumineuses et d\u2019\u00e9v\u00e9nements remarquables.<\/strong><\/p><p><strong>Mes sujets de pr\u00e9dilection sont assez vari\u00e9s car en v\u00e9rit\u00e9, je suis un boulimique de l\u2019image ! Une place importante est faite au paysage et notamment au vignoble et aux hommes qui le fa\u00e7onnent. Vous d\u00e9couvrirez aussi quelques traditions, manifestations et vieux m\u00e9tiers caract\u00e9ristiques de notre r\u00e9gion. Comme vous pourrez le constater, j\u2019aime photographier la nature et tout particuli\u00e8rement lorsqu\u2019elle se pare de ses plus belles couleurs et lumi\u00e8res.<\/strong><br \/><strong>Au fait, connaissez-vous l\u2019heure bleue ? C\u2019est cette heure magique, entre chien et loup, o\u00f9 le ciel se teinte d\u2019un bleu violac\u00e9 profond. Peut-\u00eatre serez-vous surpris par la page consacr\u00e9e \u00e0 ces moments \u00e9ph\u00e9m\u00e8res du tout d\u00e9but, ou de l\u2019ultime instant, du jour ?<\/strong><\/p><p><strong>Mon site vous pr\u00e9sente \u00e9galement quelques images glan\u00e9es au cours de diff\u00e9rents voyages. J\u2019ai dis voyage ? Une autre de mes passions ! Vous verrez entre autres que le th\u00e8me des volcans est bien repr\u00e9sent\u00e9.<\/strong><\/p><p><strong>Je pratique la photo amateur depuis l\u2019\u00e2ge de 19 ans et ce loisir est devenu une passion au fil des ann\u00e9es. A l\u2019origine, je faisais beaucoup de noir et blanc en tirant moi-m\u00eame mes images. Puis je suis pass\u00e9 \u00e0 la diapositive, comme beaucoup d\u2019autres coll\u00e8gues photographes. Avec l\u2019arriv\u00e9e du num\u00e9rique, j\u2019ai retrouv\u00e9 tout le plaisir de l\u2019interpr\u00e9tation des images que procurait le labo noir et blanc, avec en prime, tout le confort de l\u2019outil informatique. Je suis membre actif au sein du club photo la Focale.<\/strong><\/p><p><strong>Il me reste \u00e0 vous souhaiter une agr\u00e9able visite sur les traces de quelques unes de mes nombreuses explorations !<\/strong><\/p>\t\t\t\t\t\t<\/div>\n\t\t\t\t<\/div>\n\t\t\t\t\t<\/div>\n\t\t<\/div>\n\t\t\t\t<div class=\"elementor-column elementor-col-33 elementor-top-column elementor-element elementor-element-c81eedd\" data-id=\"c81eedd\" data-element_type=\"column\">\n\t\t\t<div class=\"elementor-widget-wrap elementor-element-populated\">\n\t\t\t\t\t\t\t\t<div class=\"elementor-element elementor-element-8f20404 elementor-widget elementor-widget-image\" data-id=\"8f20404\" data-element_type=\"widget\" data-widget_type=\"image.default\">\n\t\t\t\t<div class=\"elementor-widget-container\">\n\t\t\t<style>\/*! elementor - v3.6.7 - 03-07-2022 *\/\n.elementor-widget-image{text-align:center}.elementor-widget-image a{display:inline-block}.elementor-widget-image a img[src$=\".svg\"]{width:48px}.elementor-widget-image img{vertical-align:middle;display:inline-block}<\/style>\t\t\t\t\t\t\t\t\t\t\t\t<img width=\"1024\" height=\"353\" src=\"https:\/\/alsace-photos-traditions.com\/wp-content\/uploads\/2022\/06\/JJM5906-1024x353.jpg\" class=\"attachment-large size-large\" alt=\"\" loading=\"lazy\" srcset=\"https:\/\/alsace-photos-traditions.com\/wp-content\/uploads\/2022\/06\/JJM5906-1024x353.jpg 1024w, https:\/\/alsace-photos-traditions.com\/wp-content\/uploads\/2022\/06\/JJM5906-300x104.jpg 300w, https:\/\/alsace-photos-traditions.com\/wp-content\/uploads\/2022\/06\/JJM5906-768x265.jpg 768w, https:\/\/alsace-photos-traditions.com\/wp-content\/uploads\/2022\/06\/JJM5906-1536x530.jpg 1536w, https:\/\/alsace-photos-traditions.com\/wp-content\/uploads\/2022\/06\/JJM5906-1232x425.jpg 1232w, https:\/\/alsace-photos-traditions.com\/wp-content\/uploads\/2022\/06\/JJM5906-1920x662.jpg 1920w, https:\/\/alsace-photos-traditions.com\/wp-content\/uploads\/2022\/06\/JJM5906.jpg 2000w\" sizes=\"(max-width: 1024px) 100vw, 1024px\" \/>\t\t\t\t\t\t\t\t\t\t\t\t\t\t\t<\/div>\n\t\t\t\t<\/div>\n\t\t\t\t\t<\/div>\n\t\t<\/div>\n\t\t\t\t\t\t\t<\/div>\n\t\t<\/section>\n\t\t\t\t<section class=\"elementor-section elementor-top-section elementor-element elementor-element-21b3d82 elementor-section-boxed elementor-section-height-default elementor-section-height-default\" data-id=\"21b3d82\" data-element_type=\"section\">\n\t\t\t\t\t\t<div class=\"elementor-container elementor-column-gap-default\">\n\t\t\t\t\t<div class=\"elementor-column elementor-col-33 elementor-top-column elementor-element elementor-element-d4fe123\" data-id=\"d4fe123\" data-element_type=\"column\">\n\t\t\t<div class=\"elementor-widget-wrap elementor-element-populated\">\n\t\t\t\t\t\t\t\t<div class=\"elementor-element elementor-element-930a527 elementor-widget elementor-widget-image\" data-id=\"930a527\" data-element_type=\"widget\" data-widget_type=\"image.default\">\n\t\t\t\t<div class=\"elementor-widget-container\">\n\t\t\t\t\t\t\t\t\t\t\t\t\t\t\t<img width=\"1024\" height=\"353\" src=\"https:\/\/alsace-photos-traditions.com\/wp-content\/uploads\/2022\/06\/JJM5906-1024x353.jpg\" class=\"attachment-large size-large\" alt=\"\" loading=\"lazy\" srcset=\"https:\/\/alsace-photos-traditions.com\/wp-content\/uploads\/2022\/06\/JJM5906-1024x353.jpg 1024w, https:\/\/alsace-photos-traditions.com\/wp-content\/uploads\/2022\/06\/JJM5906-300x104.jpg 300w, https:\/\/alsace-photos-traditions.com\/wp-content\/uploads\/2022\/06\/JJM5906-768x265.jpg 768w, https:\/\/alsace-photos-traditions.com\/wp-content\/uploads\/2022\/06\/JJM5906-1536x530.jpg 1536w, https:\/\/alsace-photos-traditions.com\/wp-content\/uploads\/2022\/06\/JJM5906-1232x425.jpg 1232w, https:\/\/alsace-photos-traditions.com\/wp-content\/uploads\/2022\/06\/JJM5906-1920x662.jpg 1920w, https:\/\/alsace-photos-traditions.com\/wp-content\/uploads\/2022\/06\/JJM5906.jpg 2000w\" sizes=\"(max-width: 1024px) 100vw, 1024px\" \/>\t\t\t\t\t\t\t\t\t\t\t\t\t\t\t<\/div>\n\t\t\t\t<\/div>\n\t\t\t\t\t<\/div>\n\t\t<\/div>\n\t\t\t\t<div class=\"elementor-column elementor-col-66 elementor-top-column elementor-element elementor-element-d0fd264\" data-id=\"d0fd264\" data-element_type=\"column\">\n\t\t\t<div class=\"elementor-widget-wrap elementor-element-populated\">\n\t\t\t\t\t\t\t\t<div class=\"elementor-element elementor-element-4df00d3 elementor-widget elementor-widget-heading\" data-id=\"4df00d3\" data-element_type=\"widget\" data-widget_type=\"heading.default\">\n\t\t\t\t<div class=\"elementor-widget-container\">\n\t\t\t<h2 class=\"elementor-heading-title elementor-size-default\">\ud83c\udde9\ud83c\uddea<\/h2>\t\t<\/div>\n\t\t\t\t<\/div>\n\t\t\t\t<div class=\"elementor-element elementor-element-f51b390 elementor-widget elementor-widget-text-editor\" data-id=\"f51b390\" data-element_type=\"widget\" data-widget_type=\"text-editor.default\">\n\t\t\t\t<div class=\"elementor-widget-container\">\n\t\t\t\t\t\t\t<p><strong>Liebe Besucher und Fotofreunde,<\/strong><br \/><br \/><br \/><strong>Meine Webseite zeigt Ihnen einige Aspekte meiner Leidenschaft f\u00fcr die Fotografie. Meine Lieblingsf\u00e4cher sind besonders: Landschaft, Wein und Weinbau, Traditionen und alte Handwerke, Reisen und Wandern, Natur, Vulkane, Nachtfotografien und noch viele andere\u2026<\/strong><br \/><br \/><br \/><strong>Aber in erster Linie fotografiere ich mein liebes Elsass, meine Heimat.<\/strong><br \/><br \/><br \/><strong>Viel Spa\u00df w\u00e4hrend Ihrer Entdeckung !<\/strong><\/p>\t\t\t\t\t\t<\/div>\n\t\t\t\t<\/div>\n\t\t\t\t\t<\/div>\n\t\t<\/div>\n\t\t\t\t\t\t\t<\/div>\n\t\t<\/section>\n\t\t\t\t<section class=\"elementor-section elementor-top-section elementor-element elementor-element-b04ecd2 elementor-section-boxed elementor-section-height-default elementor-section-height-default\" data-id=\"b04ecd2\" data-element_type=\"section\">\n\t\t\t\t\t\t<div class=\"elementor-container elementor-column-gap-default\">\n\t\t\t\t\t<div class=\"elementor-column elementor-col-66 elementor-top-column elementor-element elementor-element-232f7e8\" data-id=\"232f7e8\" data-element_type=\"column\">\n\t\t\t<div class=\"elementor-widget-wrap elementor-element-populated\">\n\t\t\t\t\t\t\t\t<div class=\"elementor-element elementor-element-cd6af6b elementor-widget elementor-widget-heading\" data-id=\"cd6af6b\" data-element_type=\"widget\" data-widget_type=\"heading.default\">\n\t\t\t\t<div class=\"elementor-widget-container\">\n\t\t\t<h2 class=\"elementor-heading-title elementor-size-default\">\ud83c\uddec\ud83c\udde7<\/h2>\t\t<\/div>\n\t\t\t\t<\/div>\n\t\t\t\t<div class=\"elementor-element elementor-element-40b2c26 elementor-widget elementor-widget-text-editor\" data-id=\"40b2c26\" data-element_type=\"widget\" data-widget_type=\"text-editor.default\">\n\t\t\t\t<div class=\"elementor-widget-container\">\n\t\t\t\t\t\t\t<p><strong>Dear visitors,<\/strong><\/p><p><strong>My website aims at exhibiting the many faces of my passion for photography. Here are some of my favourite themes: landscape, wine and vineyards, traditions and ancient crafts, nature, volcanoes, night photography \u2013 and many others !<\/strong><\/p><p><strong>However Alsace has been and will always be my first love \u2013 I have been exploring it for over 30 years, on the constant lookout for the most interesting places and the best colours.<\/strong><\/p><p><strong>All of it for you to enjoy !<\/strong><\/p>\t\t\t\t\t\t<\/div>\n\t\t\t\t<\/div>\n\t\t\t\t\t<\/div>\n\t\t<\/div>\n\t\t\t\t<div class=\"elementor-column elementor-col-33 elementor-top-column elementor-element elementor-element-b0c295a\" data-id=\"b0c295a\" data-element_type=\"column\">\n\t\t\t<div class=\"elementor-widget-wrap elementor-element-populated\">\n\t\t\t\t\t\t\t\t<div class=\"elementor-element elementor-element-130193a elementor-widget elementor-widget-image\" data-id=\"130193a\" data-element_type=\"widget\" data-widget_type=\"image.default\">\n\t\t\t\t<div class=\"elementor-widget-container\">\n\t\t\t\t\t\t\t\t\t\t\t\t\t\t\t<img width=\"1024\" height=\"353\" src=\"https:\/\/alsace-photos-traditions.com\/wp-content\/uploads\/2022\/06\/JJM5906-1024x353.jpg\" class=\"attachment-large size-large\" alt=\"\" loading=\"lazy\" srcset=\"https:\/\/alsace-photos-traditions.com\/wp-content\/uploads\/2022\/06\/JJM5906-1024x353.jpg 1024w, https:\/\/alsace-photos-traditions.com\/wp-content\/uploads\/2022\/06\/JJM5906-300x104.jpg 300w, https:\/\/alsace-photos-traditions.com\/wp-content\/uploads\/2022\/06\/JJM5906-768x265.jpg 768w, https:\/\/alsace-photos-traditions.com\/wp-content\/uploads\/2022\/06\/JJM5906-1536x530.jpg 1536w, https:\/\/alsace-photos-traditions.com\/wp-content\/uploads\/2022\/06\/JJM5906-1232x425.jpg 1232w, https:\/\/alsace-photos-traditions.com\/wp-content\/uploads\/2022\/06\/JJM5906-1920x662.jpg 1920w, https:\/\/alsace-photos-traditions.com\/wp-content\/uploads\/2022\/06\/JJM5906.jpg 2000w\" sizes=\"(max-width: 1024px) 100vw, 1024px\" \/>\t\t\t\t\t\t\t\t\t\t\t\t\t\t\t<\/div>\n\t\t\t\t<\/div>\n\t\t\t\t\t<\/div>\n\t\t<\/div>\n\t\t\t\t\t\t\t<\/div>\n\t\t<\/section>\n\t\t\t\t\t\t\t<\/div>\n\t\t","protected":false},"excerpt":{"rendered":"<p>\ud83c\uddeb\ud83c\uddf7 Chers visiteurs et amis de la belle image, Mon site se veut avant tout \u00eatre une vitrine de ma r\u00e9gion natale, la belle Alsace, que je sillonne inlassablement depuis de nombreuses ann\u00e9es, \u00e0 la recherche de lieux, d\u2019ambiances lumineuses et d\u2019\u00e9v\u00e9nements remarquables. Mes sujets de pr\u00e9dilection sont assez vari\u00e9s car en v\u00e9rit\u00e9, je suis&nbsp;&hellip;<\/p>\n","protected":false},"author":1,"featured_media":0,"parent":0,"menu_order":0,"comment_status":"closed","ping_status":"closed","template":"","meta":{"_monsterinsights_skip_tracking":false,"_monsterinsights_sitenote_active":false,"_monsterinsights_sitenote_note":"","_monsterinsights_sitenote_category":0},"aioseo_notices":[],"_links":{"self":[{"href":"https:\/\/alsace-photos-traditions.com\/index.php\/wp-json\/wp\/v2\/pages\/265"}],"collection":[{"href":"https:\/\/alsace-photos-traditions.com\/index.php\/wp-json\/wp\/v2\/pages"}],"about":[{"href":"https:\/\/alsace-photos-traditions.com\/index.php\/wp-json\/wp\/v2\/types\/page"}],"author":[{"embeddable":true,"href":"https:\/\/alsace-photos-traditions.com\/index.php\/wp-json\/wp\/v2\/users\/1"}],"replies":[{"embeddable":true,"href":"https:\/\/alsace-photos-traditions.com\/index.php\/wp-json\/wp\/v2\/comments?post=265"}],"version-history":[{"count":9,"href":"https:\/\/alsace-photos-traditions.com\/index.php\/wp-json\/wp\/v2\/pages\/265\/revisions"}],"predecessor-version":[{"id":873,"href":"https:\/\/alsace-photos-traditions.com\/index.php\/wp-json\/wp\/v2\/pages\/265\/revisions\/873"}],"wp:attachment":[{"href":"https:\/\/alsace-photos-traditions.com\/index.php\/wp-json\/wp\/v2\/media?parent=265"}],"curies":[{"name":"wp","href":"https:\/\/api.w.org\/{rel}","templated":true}]}}